{"id":167,"date":"2022-12-30T15:49:50","date_gmt":"2022-12-30T15:49:50","guid":{"rendered":"https:\/\/djclark.fr\/?page_id=167"},"modified":"2025-09-25T11:27:49","modified_gmt":"2025-09-25T11:27:49","slug":"tarifs","status":"publish","type":"page","link":"https:\/\/djclark.fr\/index.php\/tarifs\/","title":{"rendered":"Tarifs"},"content":{"rendered":"\t\t<div data-elementor-type=\"wp-page\" data-elementor-id=\"167\" class=\"elementor elementor-167\">\n\t\t\t\t\t\t\t\t\t<section class=\"elementor-section elementor-top-section elementor-element elementor-element-5f80d35 elementor-section-boxed elementor-section-height-default elementor-section-height-default\" data-id=\"5f80d35\" data-element_type=\"section\">\n\t\t\t\t\t\t<div class=\"elementor-container elementor-column-gap-default\">\n\t\t\t\t\t<div class=\"elementor-column elementor-col-100 elementor-top-column elementor-element elementor-element-2a1ca72\" data-id=\"2a1ca72\" data-element_type=\"column\">\n\t\t\t<div class=\"elementor-widget-wrap elementor-element-populated\">\n\t\t\t\t\t\t\t\t<div class=\"elementor-element elementor-element-b728051 elementor-widget elementor-widget-spacer\" data-id=\"b728051\" data-element_type=\"widget\" data-widget_type=\"spacer.default\">\n\t\t\t\t<div class=\"elementor-widget-container\">\n\t\t\t<style>\/*! elementor - v3.12.1 - 02-04-2023 *\/\n.elementor-column .elementor-spacer-inner{height:var(--spacer-size)}.e-con{--container-widget-width:100%}.e-con-inner>.elementor-widget-spacer,.e-con>.elementor-widget-spacer{width:var(--container-widget-width,var(--spacer-size));--align-self:var(--container-widget-align-self,initial);--flex-shrink:0}.e-con-inner>.elementor-widget-spacer>.elementor-widget-container,.e-con-inner>.elementor-widget-spacer>.elementor-widget-container>.elementor-spacer,.e-con>.elementor-widget-spacer>.elementor-widget-container,.e-con>.elementor-widget-spacer>.elementor-widget-container>.elementor-spacer{height:100%}.e-con-inner>.elementor-widget-spacer>.elementor-widget-container>.elementor-spacer>.elementor-spacer-inner,.e-con>.elementor-widget-spacer>.elementor-widget-container>.elementor-spacer>.elementor-spacer-inner{height:var(--container-widget-height,var(--spacer-size))}<\/style>\t\t<div class=\"elementor-spacer\">\n\t\t\t<div class=\"elementor-spacer-inner\"><\/div>\n\t\t<\/div>\n\t\t\t\t<\/div>\n\t\t\t\t<\/div>\n\t\t\t\t\t<\/div>\n\t\t<\/div>\n\t\t\t\t\t\t\t<\/div>\n\t\t<\/section>\n\t\t\t\t<section class=\"elementor-section elementor-top-section elementor-element elementor-element-e4c13c5 elementor-section-boxed elementor-section-height-default elementor-section-height-default\" data-id=\"e4c13c5\" data-element_type=\"section\">\n\t\t\t\t\t\t<div class=\"elementor-container elementor-column-gap-default\">\n\t\t\t\t\t<div class=\"elementor-column elementor-col-100 elementor-top-column elementor-element elementor-element-e2c0c32\" data-id=\"e2c0c32\" data-element_type=\"column\">\n\t\t\t<div class=\"elementor-widget-wrap elementor-element-populated\">\n\t\t\t\t\t\t\t\t<div class=\"elementor-element elementor-element-62fb519 elementor-widget elementor-widget-heading\" data-id=\"62fb519\" data-element_type=\"widget\" data-widget_type=\"heading.default\">\n\t\t\t\t<div class=\"elementor-widget-container\">\n\t\t\t<style>\/*! elementor - v3.12.1 - 02-04-2023 *\/\n.elementor-heading-title{padding:0;margin:0;line-height:1}.elementor-widget-heading .elementor-heading-title[class*=elementor-size-]>a{color:inherit;font-size:inherit;line-height:inherit}.elementor-widget-heading .elementor-heading-title.elementor-size-small{font-size:15px}.elementor-widget-heading .elementor-heading-title.elementor-size-medium{font-size:19px}.elementor-widget-heading .elementor-heading-title.elementor-size-large{font-size:29px}.elementor-widget-heading .elementor-heading-title.elementor-size-xl{font-size:39px}.elementor-widget-heading .elementor-heading-title.elementor-size-xxl{font-size:59px}<\/style><h3 class=\"elementor-heading-title elementor-size-xl\">TARIFS<\/h3>\t\t<\/div>\n\t\t\t\t<\/div>\n\t\t\t\t\t<\/div>\n\t\t<\/div>\n\t\t\t\t\t\t\t<\/div>\n\t\t<\/section>\n\t\t\t\t<section class=\"elementor-section elementor-top-section elementor-element elementor-element-3c79c6b elementor-section-boxed elementor-section-height-default elementor-section-height-default\" data-id=\"3c79c6b\" data-element_type=\"section\">\n\t\t\t\t\t\t<div class=\"elementor-container elementor-column-gap-default\">\n\t\t\t\t\t<div class=\"elementor-column elementor-col-100 elementor-top-column elementor-element elementor-element-db7ccef\" data-id=\"db7ccef\" data-element_type=\"column\">\n\t\t\t<div class=\"elementor-widget-wrap elementor-element-populated\">\n\t\t\t\t\t\t\t\t<div class=\"elementor-element elementor-element-b21c493 elementor-widget elementor-widget-spacer\" data-id=\"b21c493\" data-element_type=\"widget\" data-widget_type=\"spacer.default\">\n\t\t\t\t<div class=\"elementor-widget-container\">\n\t\t\t\t\t<div class=\"elementor-spacer\">\n\t\t\t<div class=\"elementor-spacer-inner\"><\/div>\n\t\t<\/div>\n\t\t\t\t<\/div>\n\t\t\t\t<\/div>\n\t\t\t\t\t<\/div>\n\t\t<\/div>\n\t\t\t\t\t\t\t<\/div>\n\t\t<\/section>\n\t\t\t\t<section class=\"elementor-section elementor-top-section elementor-element elementor-element-89258c7 elementor-section-boxed elementor-section-height-default elementor-section-height-default\" data-id=\"89258c7\" data-element_type=\"section\">\n\t\t\t\t\t\t<div class=\"elementor-container elementor-column-gap-default\">\n\t\t\t\t\t<div class=\"elementor-column elementor-col-100 elementor-top-column elementor-element elementor-element-e1a14a2\" data-id=\"e1a14a2\" data-element_type=\"column\">\n\t\t\t<div class=\"elementor-widget-wrap elementor-element-populated\">\n\t\t\t\t\t\t\t\t<div class=\"elementor-element elementor-element-46002e3 elementor-widget elementor-widget-text-editor\" data-id=\"46002e3\" data-element_type=\"widget\" data-widget_type=\"text-editor.default\">\n\t\t\t\t<div class=\"elementor-widget-container\">\n\t\t\t<style>\/*! elementor - v3.12.1 - 02-04-2023 *\/\n.elementor-widget-text-editor.elementor-drop-cap-view-stacked .elementor-drop-cap{background-color:#69727d;color:#fff}.elementor-widget-text-editor.elementor-drop-cap-view-framed .elementor-drop-cap{color:#69727d;border:3px solid;background-color:transparent}.elementor-widget-text-editor:not(.elementor-drop-cap-view-default) .elementor-drop-cap{margin-top:8px}.elementor-widget-text-editor:not(.elementor-drop-cap-view-default) .elementor-drop-cap-letter{width:1em;height:1em}.elementor-widget-text-editor .elementor-drop-cap{float:left;text-align:center;line-height:1;font-size:50px}.elementor-widget-text-editor .elementor-drop-cap-letter{display:inline-block}<\/style>\t\t\t\t<p class=\"p1\"><strong><span style=\"color: #000000;\">Tarification DJ prestation mat\u00e9riel<\/span><\/strong><\/p><p class=\"p1\"><span style=\"color: #000000;\">Vous cherchez \u00e0 animer votre \u00e9v\u00e9nement avec un <strong>DJ professionnel<\/strong> et du mat\u00e9riel son et lumi\u00e8re de qualit\u00e9\u202f? Nous avons ce qu&rsquo;il vous faut\u202f!<\/span><\/p><p class=\"p1\"><span style=\"color: #000000;\">Notre tarification est simple : nous proposons une prestation <b>essentielle<\/b> et une <b>premium<\/b>, afin d&rsquo;avoir une prestation <span style=\"caret-color: #000000;\">adapt\u00e9e vos besoins.<\/span>.<\/span><\/p><p class=\"p1\"><span style=\"color: #000000;\">En plus de notre offre essentielle, nous vous proposons \u00e9galement des options pour anim\u00e9s votre mariage<\/span><span style=\"color: #000000;\">.<\/span><\/p><p class=\"p1\"><span style=\"color: #000000;\">Nous sommes \u00e0 votre disposition pour r\u00e9pondre \u00e0 toutes vos questions et vous aider \u00e0 planifier l&rsquo;animation de votre \u00e9venement.<\/span><\/p>\t\t\t\t\t\t<\/div>\n\t\t\t\t<\/div>\n\t\t\t\t\t<\/div>\n\t\t<\/div>\n\t\t\t\t\t\t\t<\/div>\n\t\t<\/section>\n\t\t\t\t<section class=\"elementor-section elementor-top-section elementor-element elementor-element-babefe3 elementor-section-boxed elementor-section-height-default elementor-section-height-default\" data-id=\"babefe3\" data-element_type=\"section\">\n\t\t\t\t\t\t<div class=\"elementor-container elementor-column-gap-default\">\n\t\t\t\t\t<div class=\"elementor-column elementor-col-100 elementor-top-column elementor-element elementor-element-8df22cc\" data-id=\"8df22cc\" data-element_type=\"column\">\n\t\t\t<div class=\"elementor-widget-wrap elementor-element-populated\">\n\t\t\t\t\t\t\t\t<div class=\"elementor-element elementor-element-f69cca2 elementor-widget elementor-widget-image\" data-id=\"f69cca2\" data-element_type=\"widget\" data-widget_type=\"image.default\">\n\t\t\t\t<div class=\"elementor-widget-container\">\n\t\t\t<style>\/*! elementor - v3.12.1 - 02-04-2023 *\/\n.elementor-widget-image{text-align:center}.elementor-widget-image a{display:inline-block}.elementor-widget-image a img[src$=\".svg\"]{width:48px}.elementor-widget-image img{vertical-align:middle;display:inline-block}<\/style>\t\t\t\t\t\t\t\t\t\t\t\t<img width=\"169\" height=\"300\" src=\"https:\/\/djclark.fr\/wp-content\/uploads\/2025\/09\/Dj-mariage-169x300.jpg\" class=\"attachment-medium size-medium wp-image-436\" alt=\"\" loading=\"lazy\" srcset=\"https:\/\/djclark.fr\/wp-content\/uploads\/2025\/09\/Dj-mariage-169x300.jpg 169w, https:\/\/djclark.fr\/wp-content\/uploads\/2025\/09\/Dj-mariage-576x1024.jpg 576w, https:\/\/djclark.fr\/wp-content\/uploads\/2025\/09\/Dj-mariage-768x1365.jpg 768w, https:\/\/djclark.fr\/wp-content\/uploads\/2025\/09\/Dj-mariage-864x1536.jpg 864w, https:\/\/djclark.fr\/wp-content\/uploads\/2025\/09\/Dj-mariage.jpg 1080w\" sizes=\"100vw\" \/>\t\t\t\t\t\t\t\t\t\t\t\t\t\t\t<\/div>\n\t\t\t\t<\/div>\n\t\t\t\t<div class=\"elementor-element elementor-element-4730cbb elementor-widget elementor-widget-spacer\" data-id=\"4730cbb\" data-element_type=\"widget\" data-widget_type=\"spacer.default\">\n\t\t\t\t<div class=\"elementor-widget-container\">\n\t\t\t\t\t<div class=\"elementor-spacer\">\n\t\t\t<div class=\"elementor-spacer-inner\"><\/div>\n\t\t<\/div>\n\t\t\t\t<\/div>\n\t\t\t\t<\/div>\n\t\t\t\t\t<\/div>\n\t\t<\/div>\n\t\t\t\t\t\t\t<\/div>\n\t\t<\/section>\n\t\t\t\t<section class=\"elementor-section elementor-top-section elementor-element elementor-element-922e71b elementor-section-boxed elementor-section-height-default elementor-section-height-default\" data-id=\"922e71b\" data-element_type=\"section\">\n\t\t\t\t\t\t<div class=\"elementor-container elementor-column-gap-default\">\n\t\t\t\t\t<div class=\"elementor-column elementor-col-100 elementor-top-column elementor-element elementor-element-b27ea0e\" data-id=\"b27ea0e\" data-element_type=\"column\">\n\t\t\t<div class=\"elementor-widget-wrap elementor-element-populated\">\n\t\t\t\t\t\t\t\t<div class=\"elementor-element elementor-element-4f8478e elementor-widget elementor-widget-text-editor\" data-id=\"4f8478e\" data-element_type=\"widget\" data-widget_type=\"text-editor.default\">\n\t\t\t\t<div class=\"elementor-widget-container\">\n\t\t\t\t\t\t\t<p class=\"p1\"><strong><span style=\"color: #000000;\">Nos garanties de prestation<\/span><\/strong><\/p>\n<p class=\"p1\"><span style=\"color: rgb(0, 0, 0);\">Je garanti le bon d\u00e9roulement de la soir\u00e9e en vous donnant un rdv t\u00e9l\u00e9phonique ou en pr\u00e9sentiel afin de pr\u00e9ciser vos attentes sur l\u2019organisation de la soir\u00e9e et son d\u00e9roulement.<\/span><br><\/p>\n<p class=\"p1\"><span style=\"color: #000000;\">J\u2019apporte \u00e9norm\u00e9ment d\u2019importance \u00e0 tous les \u00e9v\u00e8nements et plus particuli\u00e8rement les mariages. <\/span><\/p>\n<p class=\"p1\"><span style=\"color: #000000;\">Ce type de c\u00e9l\u00e9bration est unique<span class=\"Apple-converted-space\">&nbsp; <\/span>et doit \u00eatre inoubliable. Nous avons tous assist\u00e9 \u00e0 des mariages ou soir\u00e9es et il est ind\u00e9niable que la musique est l\u2019un des facteurs cl\u00e9 de r\u00e9ussite d\u2019une soir\u00e9e !<\/span><\/p>\n<p class=\"p1\"><span style=\"color: #000000;\">Ayant notamment \u00e0 coeur de r\u00e9ussir chaque mariage pour lesquels je mixe, je ne fais que des mariages type classique ou mixte (en termes de cultures).<\/span><\/p>\n<p class=\"p1\"><span style=\"color: #000000;\">N\u2019h\u00e9sitez pas \u00e0 me contacter si vous souhaitez en savoir plus sur mon exp\u00e9rience ou si vous souhaitez me partager votre projet d\u2019\u00e9v\u00e9nement.<\/span><\/p>\t\t\t\t\t\t<\/div>\n\t\t\t\t<\/div>\n\t\t\t\t\t<\/div>\n\t\t<\/div>\n\t\t\t\t\t\t\t<\/div>\n\t\t<\/section>\n\t\t\t\t\t\t\t<\/div>\n\t\t","protected":false},"excerpt":{"rendered":"<p>TARIFS Tarification DJ prestation mat\u00e9riel Vous cherchez \u00e0 animer votre \u00e9v\u00e9nement avec un DJ professionnel et du mat\u00e9riel son et lumi\u00e8re de qualit\u00e9\u202f? Nous avons ce qu&rsquo;il vous faut\u202f! Notre tarification est simple : nous proposons une prestation essentielle et une premium, afin d&rsquo;avoir une prestation adapt\u00e9e vos besoins.. En plus de notre offre essentielle, &hellip; <\/p>\n<p class=\"link-more\"><a href=\"https:\/\/djclark.fr\/index.php\/tarifs\/\" class=\"more-link\">Lire la suite de<span class=\"screen-reader-text\">\u00ab\u00a0Tarifs\u00a0\u00bb<\/span><\/a><\/p>\n","protected":false},"author":1,"featured_media":0,"parent":0,"menu_order":0,"comment_status":"closed","ping_status":"closed","template":"page-templates\/homepage-builder-bb.php","meta":{"om_disable_all_campaigns":false,"_monsterinsights_skip_tracking":false,"_monsterinsights_sitenote_active":false,"_monsterinsights_sitenote_note":"","_monsterinsights_sitenote_category":0},"yoast_head":"<!-- This site is optimized with the Yoast SEO plugin v20.5 - https:\/\/yoast.com\/wordpress\/plugins\/seo\/ -->\n<title>Tarifs - DJ CLARK<\/title>\n<meta name=\"robots\" content=\"index, follow, max-snippet:-1, max-image-preview:large, max-video-preview:-1\" \/>\n<link rel=\"canonical\" href=\"https:\/\/djclark.fr\/index.php\/tarifs\/\" \/>\n<meta property=\"og:locale\" content=\"fr_FR\" \/>\n<meta property=\"og:type\" content=\"article\" \/>\n<meta property=\"og:title\" content=\"Tarifs - DJ CLARK\" \/>\n<meta property=\"og:description\" content=\"TARIFS Tarification DJ prestation mat\u00e9riel Vous cherchez \u00e0 animer votre \u00e9v\u00e9nement avec un DJ professionnel et du mat\u00e9riel son et lumi\u00e8re de qualit\u00e9\u202f? Nous avons ce qu&rsquo;il vous faut\u202f! Notre tarification est simple : nous proposons une prestation essentielle et une premium, afin d&rsquo;avoir une prestation adapt\u00e9e vos besoins.. En plus de notre offre essentielle, &hellip; Lire la suite de\u00ab\u00a0Tarifs\u00a0\u00bb\" \/>\n<meta property=\"og:url\" content=\"https:\/\/djclark.fr\/index.php\/tarifs\/\" \/>\n<meta property=\"og:site_name\" content=\"DJ CLARK\" \/>\n<meta property=\"article:modified_time\" content=\"2025-09-25T11:27:49+00:00\" \/>\n<meta property=\"og:image\" content=\"https:\/\/djclark.fr\/wp-content\/uploads\/2025\/09\/Dj-mariage-169x300.jpg\" \/>\n<meta name=\"twitter:card\" content=\"summary_large_image\" \/>\n<meta name=\"twitter:label1\" content=\"Dur\u00e9e de lecture estim\u00e9e\" \/>\n\t<meta name=\"twitter:data1\" content=\"2 minutes\" \/>\n<script type=\"application\/ld+json\" class=\"yoast-schema-graph\">{\"@context\":\"https:\/\/schema.org\",\"@graph\":[{\"@type\":\"WebPage\",\"@id\":\"https:\/\/djclark.fr\/index.php\/tarifs\/\",\"url\":\"https:\/\/djclark.fr\/index.php\/tarifs\/\",\"name\":\"Tarifs - DJ CLARK\",\"isPartOf\":{\"@id\":\"https:\/\/djclark.fr\/#website\"},\"datePublished\":\"2022-12-30T15:49:50+00:00\",\"dateModified\":\"2025-09-25T11:27:49+00:00\",\"breadcrumb\":{\"@id\":\"https:\/\/djclark.fr\/index.php\/tarifs\/#breadcrumb\"},\"inLanguage\":\"fr-FR\",\"potentialAction\":[{\"@type\":\"ReadAction\",\"target\":[\"https:\/\/djclark.fr\/index.php\/tarifs\/\"]}]},{\"@type\":\"BreadcrumbList\",\"@id\":\"https:\/\/djclark.fr\/index.php\/tarifs\/#breadcrumb\",\"itemListElement\":[{\"@type\":\"ListItem\",\"position\":1,\"name\":\"Accueil\",\"item\":\"https:\/\/djclark.fr\/\"},{\"@type\":\"ListItem\",\"position\":2,\"name\":\"Tarifs\"}]},{\"@type\":\"WebSite\",\"@id\":\"https:\/\/djclark.fr\/#website\",\"url\":\"https:\/\/djclark.fr\/\",\"name\":\"DJ CLARK\",\"description\":\"DJ DE MARIAGE PROFESSIONNEL\",\"potentialAction\":[{\"@type\":\"SearchAction\",\"target\":{\"@type\":\"EntryPoint\",\"urlTemplate\":\"https:\/\/djclark.fr\/?s={search_term_string}\"},\"query-input\":\"required name=search_term_string\"}],\"inLanguage\":\"fr-FR\"}]}<\/script>\n<!-- \/ Yoast SEO plugin. -->","yoast_head_json":{"title":"Tarifs - DJ CLARK","robots":{"index":"index","follow":"follow","max-snippet":"max-snippet:-1","max-image-preview":"max-image-preview:large","max-video-preview":"max-video-preview:-1"},"canonical":"https:\/\/djclark.fr\/index.php\/tarifs\/","og_locale":"fr_FR","og_type":"article","og_title":"Tarifs - DJ CLARK","og_description":"TARIFS Tarification DJ prestation mat\u00e9riel Vous cherchez \u00e0 animer votre \u00e9v\u00e9nement avec un DJ professionnel et du mat\u00e9riel son et lumi\u00e8re de qualit\u00e9\u202f? Nous avons ce qu&rsquo;il vous faut\u202f! Notre tarification est simple : nous proposons une prestation essentielle et une premium, afin d&rsquo;avoir une prestation adapt\u00e9e vos besoins.. En plus de notre offre essentielle, &hellip; Lire la suite de\u00ab\u00a0Tarifs\u00a0\u00bb","og_url":"https:\/\/djclark.fr\/index.php\/tarifs\/","og_site_name":"DJ CLARK","article_modified_time":"2025-09-25T11:27:49+00:00","og_image":[{"url":"https:\/\/djclark.fr\/wp-content\/uploads\/2025\/09\/Dj-mariage-169x300.jpg"}],"twitter_card":"summary_large_image","twitter_misc":{"Dur\u00e9e de lecture estim\u00e9e":"2 minutes"},"schema":{"@context":"https:\/\/schema.org","@graph":[{"@type":"WebPage","@id":"https:\/\/djclark.fr\/index.php\/tarifs\/","url":"https:\/\/djclark.fr\/index.php\/tarifs\/","name":"Tarifs - DJ CLARK","isPartOf":{"@id":"https:\/\/djclark.fr\/#website"},"datePublished":"2022-12-30T15:49:50+00:00","dateModified":"2025-09-25T11:27:49+00:00","breadcrumb":{"@id":"https:\/\/djclark.fr\/index.php\/tarifs\/#breadcrumb"},"inLanguage":"fr-FR","potentialAction":[{"@type":"ReadAction","target":["https:\/\/djclark.fr\/index.php\/tarifs\/"]}]},{"@type":"BreadcrumbList","@id":"https:\/\/djclark.fr\/index.php\/tarifs\/#breadcrumb","itemListElement":[{"@type":"ListItem","position":1,"name":"Accueil","item":"https:\/\/djclark.fr\/"},{"@type":"ListItem","position":2,"name":"Tarifs"}]},{"@type":"WebSite","@id":"https:\/\/djclark.fr\/#website","url":"https:\/\/djclark.fr\/","name":"DJ CLARK","description":"DJ DE MARIAGE PROFESSIONNEL","potentialAction":[{"@type":"SearchAction","target":{"@type":"EntryPoint","urlTemplate":"https:\/\/djclark.fr\/?s={search_term_string}"},"query-input":"required name=search_term_string"}],"inLanguage":"fr-FR"}]}},"_links":{"self":[{"href":"https:\/\/djclark.fr\/index.php\/wp-json\/wp\/v2\/pages\/167"}],"collection":[{"href":"https:\/\/djclark.fr\/index.php\/wp-json\/wp\/v2\/pages"}],"about":[{"href":"https:\/\/djclark.fr\/index.php\/wp-json\/wp\/v2\/types\/page"}],"author":[{"embeddable":true,"href":"https:\/\/djclark.fr\/index.php\/wp-json\/wp\/v2\/users\/1"}],"replies":[{"embeddable":true,"href":"https:\/\/djclark.fr\/index.php\/wp-json\/wp\/v2\/comments?post=167"}],"version-history":[{"count":47,"href":"https:\/\/djclark.fr\/index.php\/wp-json\/wp\/v2\/pages\/167\/revisions"}],"predecessor-version":[{"id":462,"href":"https:\/\/djclark.fr\/index.php\/wp-json\/wp\/v2\/pages\/167\/revisions\/462"}],"wp:attachment":[{"href":"https:\/\/djclark.fr\/index.php\/wp-json\/wp\/v2\/media?parent=167"}],"curies":[{"name":"wp","href":"https:\/\/api.w.org\/{rel}","templated":true}]}}